{"id":226653,"date":"2025-05-20T00:15:46","date_gmt":"2025-05-20T00:15:46","guid":{"rendered":"https:\/\/surpixel.cl\/?page_id=226653"},"modified":"2025-06-19T03:22:28","modified_gmt":"2025-06-19T03:22:28","slug":"contacto","status":"publish","type":"page","link":"https:\/\/surpixel.cl\/index.php\/contacto\/","title":{"rendered":"Contacto"},"content":{"rendered":"<p>[et_pb_section fb_built=\u00bb1&#8243; admin_label=\u00bbHeader\u00bb _builder_version=\u00bb4.27.4&#8243; _module_preset=\u00bbdefault\u00bb use_background_color_gradient=\u00bbon\u00bb background_color_gradient_direction=\u00bb90deg\u00bb background_color_gradient_stops=\u00bb#000000 50%|rgba(0,0,0,0) 100%\u00bb background_color_gradient_overlays_image=\u00bbon\u00bb background_image=\u00bbhttps:\/\/surpixel.cl\/wp-content\/uploads\/2025\/06\/pexels-pachon-in-motion-426015731-18337610.jpg\u00bb background_position=\u00bbcenter_right\u00bb custom_padding=\u00bb150px||0px||false|false\u00bb hover_enabled=\u00bb0&#8243; collapsed=\u00bbon\u00bb global_colors_info=\u00bb{}\u00bb title_text=\u00bbpexels-pachon-in-motion-426015731-18337610&#8243; sticky_enabled=\u00bb0&#8243;][et_pb_row column_structure=\u00bb1_2,1_2&#8243; use_custom_gutter=\u00bbon\u00bb gutter_width=\u00bb1&#8243; make_equal=\u00bbon\u00bb _builder_version=\u00bb4.27.4&#8243; _module_preset=\u00bbdefault\u00bb custom_padding=\u00bb0px||0px||false|false\u00bb global_colors_info=\u00bb{}\u00bb][et_pb_column type=\u00bb1_2&#8243; _builder_version=\u00bb4.17.4&#8243; _module_preset=\u00bbdefault\u00bb custom_padding=\u00bb5%||5%||true|false\u00bb custom_padding_tablet=\u00bb10%||0%||false|false\u00bb custom_padding_phone=\u00bb10%||0%||false|false\u00bb custom_padding_last_edited=\u00bbon|tablet\u00bb global_colors_info=\u00bb{}\u00bb][et_pb_text _builder_version=\u00bb4.27.4&#8243; _module_preset=\u00bbc16985e1-e0d6-4022-964d-e2bfc04fa633&#8243; header_font=\u00bbKrona One||||||||\u00bb header_text_color=\u00bbgcid-5e5a7915-388c-428b-a274-6b7e70108720&#8243; header_font_size=\u00bb76px\u00bb header_line_height=\u00bb1.2em\u00bb width_last_edited=\u00bboff|tablet\u00bb header_font_size_tablet=\u00bb40px\u00bb header_font_size_phone=\u00bb24px\u00bb header_font_size_last_edited=\u00bbon|desktop\u00bb global_colors_info=\u00bb{%22gcid-5e5a7915-388c-428b-a274-6b7e70108720%22:%91%22header_text_color%22%93}\u00bb]<\/p>\n<h1>Contacto<\/h1>\n<p>[\/et_pb_text][et_pb_countdown_timer date_time=\u00bb2025-08-27 08:37&#8243; _builder_version=\u00bb4.27.4&#8243; _module_preset=\u00bbdefault\u00bb numbers_font=\u00bbKrona One||||||||\u00bb numbers_text_color=\u00bb#FFFFFF\u00bb numbers_font_size=\u00bb28px\u00bb separator_text_color=\u00bbRGBA(255,255,255,0)\u00bb separator_letter_spacing=\u00bb20px\u00bb label_font=\u00bbKrona One||||||||\u00bb label_text_color=\u00bbgcid-e79d20a7-3c86-4292-aecd-b0008c0c3740&#8243; label_font_size=\u00bb10px\u00bb background_color=\u00bb#000000&#8243; text_orientation=\u00bbleft\u00bb width_phone=\u00bb45%\u00bb width_last_edited=\u00bboff|tablet\u00bb custom_margin=\u00bb||||false|false\u00bb custom_padding=\u00bb20px||20px||false|false\u00bb numbers_font_size_tablet=\u00bb20px\u00bb numbers_font_size_phone=\u00bb15px\u00bb numbers_font_size_last_edited=\u00bbon|phone\u00bb separator_letter_spacing_last_edited=\u00bboff|phone\u00bb label_font_size_tablet=\u00bb10px\u00bb label_font_size_phone=\u00bb10px\u00bb label_font_size_last_edited=\u00bbon|desktop\u00bb text_orientation_tablet=\u00bbcenter\u00bb text_orientation_phone=\u00bbcenter\u00bb text_orientation_last_edited=\u00bbon|tablet\u00bb locked=\u00bboff\u00bb global_colors_info=\u00bb{%22gcid-e79d20a7-3c86-4292-aecd-b0008c0c3740%22:%91%22label_text_color%22%93}\u00bb][\/et_pb_countdown_timer][\/et_pb_column][et_pb_column type=\u00bb1_2&#8243; _builder_version=\u00bb4.27.4&#8243; _module_preset=\u00bbdefault\u00bb background_image=\u00bbhttps:\/\/surpixel.cl\/wp-content\/uploads\/2025\/05\/LogoSURPIXEL.png\u00bb background_size=\u00bbcustom\u00bb background_image_width=\u00bb70%\u00bb global_colors_info=\u00bb{}\u00bb][\/et_pb_column][\/et_pb_row][\/et_pb_section][et_pb_section fb_built=\u00bb1&#8243; _builder_version=\u00bb4.27.4&#8243; _module_preset=\u00bbdefault\u00bb background_color=\u00bb#000000&#8243; global_colors_info=\u00bb{}\u00bb][et_pb_row _builder_version=\u00bb4.19.5&#8243; _module_preset=\u00bbdefault\u00bb max_width=\u00bb800px\u00bb global_colors_info=\u00bb{}\u00bb][et_pb_column type=\u00bb4_4&#8243; _builder_version=\u00bb4.19.5&#8243; _module_preset=\u00bbdefault\u00bb global_colors_info=\u00bb{}\u00bb][et_pb_text _builder_version=\u00bb4.27.4&#8243; _module_preset=\u00bb_initial\u00bb header_font=\u00bbKrona One||||||||\u00bb header_text_color=\u00bbgcid-5e5a7915-388c-428b-a274-6b7e70108720&#8243; header_font_size=\u00bb45px\u00bb header_line_height=\u00bb1.2em\u00bb custom_margin=\u00bb||10px||false|false\u00bb header_font_size_tablet=\u00bb40px\u00bb header_font_size_phone=\u00bb24px\u00bb header_font_size_last_edited=\u00bbon|desktop\u00bb global_colors_info=\u00bb{%22gcid-5e5a7915-388c-428b-a274-6b7e70108720%22:%91%22header_text_color%22%93}\u00bb]<\/p>\n<h1>Cont\u00e1ctanos<\/h1>\n<p>[\/et_pb_text][et_pb_text _builder_version=\u00bb4.27.4&#8243; _module_preset=\u00bb_initial\u00bb text_text_color=\u00bbrgba(255,255,255,0.75)\u00bb text_font_size=\u00bb16px\u00bb text_line_height=\u00bb1.8em\u00bb hover_enabled=\u00bb0&#8243; text_font_size_tablet=\u00bb15px\u00bb text_font_size_phone=\u00bb14px\u00bb text_font_size_last_edited=\u00bbon|desktop\u00bb header_font_size_tablet=\u00bb55px\u00bb header_font_size_last_edited=\u00bboff|desktop\u00bb global_colors_info=\u00bb{}\u00bb sticky_enabled=\u00bb0&#8243;]<\/p>\n<p><span class=\"_fadeIn_m1hgl_8\">Cont\u00e1ctanos <\/span><span class=\"_fadeIn_m1hgl_8\">y <\/span><span class=\"_fadeIn_m1hgl_8\">descubre <\/span><span class=\"_fadeIn_m1hgl_8\">c\u00f3mo <\/span><span class=\"_fadeIn_m1hgl_8\">puedes <\/span><span class=\"_fadeIn_m1hgl_8\">participar <\/span><span class=\"_fadeIn_m1hgl_8\">en SurPixel<\/span><span class=\"_fadeIn_m1hgl_8\">: <\/span><span class=\"_fadeIn_m1hgl_8\">como <\/span><span class=\"_fadeIn_m1hgl_8\">sponsor, <\/span><span class=\"_fadeIn_m1hgl_8\">colaborador, <\/span><span class=\"_fadeIn_m1hgl_8\">tallerista <\/span><span class=\"_fadeIn_m1hgl_8\">o <\/span><span class=\"_fadeIn_m1hgl_8\">instituci\u00f3n <\/span><span class=\"_fadeIn_m1hgl_8\">aliada. \u00a1<\/span><span class=\"_fadeIn_m1hgl_8\">Conectemos <\/span><span class=\"_fadeIn_m1hgl_8\">creatividad, <\/span><span class=\"_fadeIn_m1hgl_8\">tecnolog\u00eda <\/span><span class=\"_fadeIn_m1hgl_8\">e <\/span><span class=\"_fadeIn_m1hgl_8\">innovaci\u00f3n <\/span><span class=\"_fadeIn_m1hgl_8\">juntos!<\/span><\/p>\n<p>[\/et_pb_text][tfs_fluent_forms_styler form_id=\u00bb3&#8243; form_input_bgcolor=\u00bbRGBA(255,255,255,0)\u00bb form_required_color=\u00bbgcid-5e5a7915-388c-428b-a274-6b7e70108720&#8243; form_error_bgcolor=\u00bbgcid-e79d20a7-3c86-4292-aecd-b0008c0c3740&#8243; form_valid_bgcolor=\u00bbgcid-5e5a7915-388c-428b-a274-6b7e70108720&#8243; _builder_version=\u00bb4.27.4&#8243; _module_preset=\u00bbdefault\u00bb input_label_font=\u00bbInter|600||on|||||\u00bb input_label_text_color=\u00bb#FFFFFF\u00bb error_font=\u00bbInter|500||on|||||\u00bb error_text_align=\u00bbcenter\u00bb error_text_color=\u00bb#000000&#8243; success_font=\u00bbInter|||on|||||\u00bb success_text_align=\u00bbcenter\u00bb success_text_color=\u00bb#000000&#8243; custom_submit_button=\u00bbon\u00bb submit_button_text_color=\u00bb#FFFFFF\u00bb submit_button_bg_color=\u00bbRGBA(255,255,255,0)\u00bb submit_button_border_color=\u00bb#FFFFFF\u00bb submit_button_border_radius=\u00bb0px\u00bb submit_button_font=\u00bbInter|700|||||||\u00bb submit_button_custom_padding=\u00bb14px|20px|14px|20px|true|true\u00bb border_color_all_error=\u00bbRGBA(255,255,255,0)\u00bb border_color_all_success=\u00bbRGBA(255,255,255,0)\u00bb global_colors_info=\u00bb{%22gcid-5e5a7915-388c-428b-a274-6b7e70108720%22:%91%22submit_button_bg_color__hover%22,%22submit_button_border_color__hover%22,%22form_required_color%22,%22form_valid_bgcolor%22%93,%22gcid-e79d20a7-3c86-4292-aecd-b0008c0c3740%22:%91%22form_error_bgcolor%22%93}\u00bb submit_button_bg_color__hover_enabled=\u00bbon|desktop\u00bb submit_button_bg_color__hover=\u00bb#b2df29&#8243; submit_button_bg_enable_color__hover=\u00bbon\u00bb submit_button_border_color__hover_enabled=\u00bbon|hover\u00bb submit_button_border_color__hover=\u00bb#b2df29&#8243;][\/tfs_fluent_forms_styler][\/et_pb_column][\/et_pb_row][\/et_pb_section]<\/p>\n","protected":false},"excerpt":{"rendered":"<p>ContactoCont\u00e1ctanosCont\u00e1ctanos y descubre c\u00f3mo puedes participar en SurPixel: como sponsor, colaborador, tallerista o instituci\u00f3n aliada. \u00a1Conectemos creatividad, tecnolog\u00eda e innovaci\u00f3n juntos!<div class=\"et_pb_with_border et_pb_module tfs_fluent_forms_styler tfs_fluent_forms_styler_0\">\n\t\t\t\t\n\t\t\t\t\n\t\t\t\t\n\t\t\t\t\n\t\t\t\t\n\t\t\t\t\n\t\t\t\t<div class=\"et_pb_module_inner\">\n\t\t\t\t\t<div class=\"tfs-ff-styler\"><div class='fluentform ff-default fluentform_wrapper_3 ffs_default_wrap'><form data-form_id=\"3\" id=\"fluentform_3\" class=\"frm-fluent-form fluent_form_3 ff-el-form-top ff_form_instance_3_1 ff-form-loading ffs_default\" data-form_instance=\"ff_form_instance_3_1\" method=\"POST\" ><fieldset  style=\"border: none!important;margin: 0!important;padding: 0!important;background-color: transparent!important;box-shadow: none!important;outline: none!important; min-inline-size: 100%;\">\n                    <legend class=\"ff_screen_reader_title\" style=\"display: block; margin: 0!important;padding: 0!important;height: 0!important;text-indent: -999999px;width: 0!important;overflow:hidden;\">Formulario de Contacto<\/legend><p style=\"display: none !important;\" class=\"akismet-fields-container\" data-prefix=\"ak_\"><label>&#916;<textarea name=\"ak_hp_textarea\" cols=\"45\" rows=\"8\" maxlength=\"100\"><\/textarea><\/label><input type=\"hidden\" id=\"ak_js_1\" name=\"ak_js\" value=\"163\"\/><script>document.getElementById( \"ak_js_1\" ).setAttribute( \"value\", ( new Date() ).getTime() );<\/script><\/p><input type='hidden' name='__fluent_form_embded_post_id' value='' \/><input type=\"hidden\" id=\"_fluentform_3_fluentformnonce\" name=\"_fluentform_3_fluentformnonce\" value=\"5663311e28\" \/><input type=\"hidden\" name=\"_wp_http_referer\" value=\"\/index.php\/wp-json\/wp\/v2\/pages\/226653\" \/><div data-type=\"name-element\" data-name=\"names\" class=\" ff-field_container ff-name-field-wrapper\" ><div class='ff-t-container'><div class='ff-t-cell '><div class='ff-el-group'><div class=\"ff-el-input--label ff-el-is-required asterisk-right\"><label for='ff_3_names_first_name_' >Nombre<\/label><\/div><div class='ff-el-input--content'><input type=\"text\" name=\"names[first_name]\" id=\"ff_3_names_first_name_\" class=\"ff-el-form-control\" placeholder=\"Nombre\" aria-invalid=\"false\" aria-required=true><\/div><\/div><\/div><div class='ff-t-cell '><div class='ff-el-group'><div class=\"ff-el-input--label ff-el-is-required asterisk-right\"><label for='ff_3_names_last_name_' >Apellido<\/label><\/div><div class='ff-el-input--content'><input type=\"text\" name=\"names[last_name]\" id=\"ff_3_names_last_name_\" class=\"ff-el-form-control\" placeholder=\"Apellido\" aria-invalid=\"false\" aria-required=true><\/div><\/div><\/div><\/div><\/div><div class='ff-el-group'><div class=\"ff-el-input--label ff-el-is-required asterisk-right\"><label for='ff_3_email' aria-label=\"Email\">Email<\/label><\/div><div class='ff-el-input--content'><input type=\"email\" name=\"email\" id=\"ff_3_email\" class=\"ff-el-form-control\" placeholder=\"Email \" data-name=\"email\"  aria-invalid=\"false\" aria-required=true><\/div><\/div><div class='ff-el-group'><div class=\"ff-el-input--label ff-el-is-required asterisk-right\"><label for='ff_3_subject' aria-label=\"Asunto\">Asunto<\/label><\/div><div class='ff-el-input--content'><input type=\"text\" name=\"subject\" class=\"ff-el-form-control\" placeholder=\"Asunto\" data-name=\"subject\" id=\"ff_3_subject\"  aria-invalid=\"false\" aria-required=true><\/div><\/div><div class='ff-el-group'><div class=\"ff-el-input--label ff-el-is-required asterisk-right\"><label for='ff_3_message' aria-label=\"Mensaje\">Mensaje<\/label><\/div><div class='ff-el-input--content'><textarea aria-invalid=\"false\" aria-required=true name=\"message\" id=\"ff_3_message\" class=\"ff-el-form-control\" placeholder=\"Tu mensaje\" rows=\"4\" cols=\"2\" data-name=\"message\" ><\/textarea><\/div><\/div><div class='ff-el-group ff-text-right ff_submit_btn_wrapper'><button type=\"submit\" class=\"ff-btn ff-btn-submit ff-btn-md ff_btn_style\" >ENVIAR<\/button><\/div><\/fieldset><\/form><div id='fluentform_3_errors' class='ff-errors-in-stack ff_form_instance_3_1 ff-form-loading_errors ff_form_instance_3_1_errors'><\/div><\/div>        <script type=\"text\/javascript\">\n            window.fluent_form_ff_form_instance_3_1 = {\"id\":\"3\",\"settings\":{\"layout\":{\"labelPlacement\":\"top\",\"asteriskPlacement\":\"asterisk-right\",\"helpMessagePlacement\":\"with_label\",\"errorMessagePlacement\":\"inline\",\"cssClassName\":\"\"},\"restrictions\":{\"denyEmptySubmission\":{\"enabled\":false}}},\"form_instance\":\"ff_form_instance_3_1\",\"form_id_selector\":\"fluentform_3\",\"rules\":{\"names[first_name]\":{\"required\":{\"value\":true,\"message\":\"Este campo es obligatorio\",\"global\":true,\"global_message\":\"Este campo es obligatorio\"}},\"names[middle_name]\":{\"required\":{\"value\":false,\"message\":\"Este campo es obligatorio\",\"global\":true,\"global_message\":\"Este campo es obligatorio\"}},\"names[last_name]\":{\"required\":{\"value\":true,\"message\":\"Este campo es obligatorio\",\"global\":true,\"global_message\":\"Este campo es obligatorio\"}},\"email\":{\"required\":{\"value\":true,\"message\":\"Este campo es obligatorio\",\"global\":false,\"global_message\":\"Este campo es obligatorio\"},\"email\":{\"value\":true,\"message\":\"Este campo contiene un  email invalido\",\"global\":false,\"global_message\":\"Este campo debe contener un correo electr\\u00f3nico v\\u00e1lido\"}},\"subject\":{\"required\":{\"value\":true,\"message\":\"Este campo es obligatorio\",\"global\":false,\"global_message\":\"Este campo es obligatorio\"}},\"message\":{\"required\":{\"value\":true,\"message\":\"Este campo es obligatorio\",\"global\":false,\"global_message\":\"Este campo es obligatorio\"}}},\"debounce_time\":300};\n                    <\/script>\n        <\/div>\n\t\t\t\t<\/div>\n\t\t\t<\/div><\/p>\n","protected":false},"author":1,"featured_media":0,"parent":0,"menu_order":0,"comment_status":"closed","ping_status":"closed","template":"","meta":{"_et_pb_use_builder":"on","_et_pb_old_content":"","_et_gb_content_width":"","footnotes":""},"class_list":["post-226653","page","type-page","status-publish","hentry"],"yoast_head":"<!-- This site is optimized with the Yoast SEO plugin v25.5 - https:\/\/yoast.com\/wordpress\/plugins\/seo\/ -->\n<title>Contacto - SurPixel - Conferencia y Festival de Nuevas Tecnolog\u00edas\u00a0Creativas<\/title>\n<meta name=\"robots\" content=\"index, follow, max-snippet:-1, max-image-preview:large, max-video-preview:-1\" \/>\n<link rel=\"canonical\" href=\"https:\/\/surpixel.cl\/index.php\/contacto\/\" \/>\n<meta property=\"og:locale\" content=\"es_ES\" \/>\n<meta property=\"og:type\" content=\"article\" \/>\n<meta property=\"og:title\" content=\"Contacto - SurPixel - Conferencia y Festival de Nuevas Tecnolog\u00edas\u00a0Creativas\" \/>\n<meta property=\"og:description\" content=\"ContactoCont\u00e1ctanosCont\u00e1ctanos y descubre c\u00f3mo puedes participar en SurPixel: como sponsor, colaborador, tallerista o instituci\u00f3n aliada. \u00a1Conectemos creatividad, tecnolog\u00eda e innovaci\u00f3n juntos!\" \/>\n<meta property=\"og:url\" content=\"https:\/\/surpixel.cl\/index.php\/contacto\/\" \/>\n<meta property=\"og:site_name\" content=\"SurPixel - Conferencia y Festival de Nuevas Tecnolog\u00edas\u00a0Creativas\" \/>\n<meta property=\"article:modified_time\" content=\"2025-06-19T03:22:28+00:00\" \/>\n<meta name=\"twitter:card\" content=\"summary_large_image\" \/>\n<meta name=\"twitter:site\" content=\"@SurPixel\" \/>\n<meta name=\"twitter:label1\" content=\"Tiempo de lectura\" \/>\n\t<meta name=\"twitter:data1\" content=\"4 minutos\" \/>\n<script type=\"application\/ld+json\" class=\"yoast-schema-graph\">{\"@context\":\"https:\/\/schema.org\",\"@graph\":[{\"@type\":\"WebPage\",\"@id\":\"https:\/\/surpixel.cl\/index.php\/contacto\/\",\"url\":\"https:\/\/surpixel.cl\/index.php\/contacto\/\",\"name\":\"Contacto - SurPixel - Conferencia y Festival de Nuevas Tecnolog\u00edas\u00a0Creativas\",\"isPartOf\":{\"@id\":\"https:\/\/surpixel.cl\/#website\"},\"datePublished\":\"2025-05-20T00:15:46+00:00\",\"dateModified\":\"2025-06-19T03:22:28+00:00\",\"breadcrumb\":{\"@id\":\"https:\/\/surpixel.cl\/index.php\/contacto\/#breadcrumb\"},\"inLanguage\":\"es\",\"potentialAction\":[{\"@type\":\"ReadAction\",\"target\":[\"https:\/\/surpixel.cl\/index.php\/contacto\/\"]}]},{\"@type\":\"BreadcrumbList\",\"@id\":\"https:\/\/surpixel.cl\/index.php\/contacto\/#breadcrumb\",\"itemListElement\":[{\"@type\":\"ListItem\",\"position\":1,\"name\":\"Portada\",\"item\":\"https:\/\/surpixel.cl\/\"},{\"@type\":\"ListItem\",\"position\":2,\"name\":\"Contacto\"}]},{\"@type\":\"WebSite\",\"@id\":\"https:\/\/surpixel.cl\/#website\",\"url\":\"https:\/\/surpixel.cl\/\",\"name\":\"SurPixel - Conferencia y Festival de Nuevas Tecnolog\u00edas\u00a0Creativas\",\"description\":\"Sur Pixel - Conferencia y Festival de Nuevas Tecnolog\u00edas\u00a0Creativas\",\"publisher\":{\"@id\":\"https:\/\/surpixel.cl\/#organization\"},\"potentialAction\":[{\"@type\":\"SearchAction\",\"target\":{\"@type\":\"EntryPoint\",\"urlTemplate\":\"https:\/\/surpixel.cl\/?s={search_term_string}\"},\"query-input\":{\"@type\":\"PropertyValueSpecification\",\"valueRequired\":true,\"valueName\":\"search_term_string\"}}],\"inLanguage\":\"es\"},{\"@type\":\"Organization\",\"@id\":\"https:\/\/surpixel.cl\/#organization\",\"name\":\"SurPixel - Conferencia y Festival de Nuevas Tecnolog\u00edas\u00a0Creativas\",\"url\":\"https:\/\/surpixel.cl\/\",\"logo\":{\"@type\":\"ImageObject\",\"inLanguage\":\"es\",\"@id\":\"https:\/\/surpixel.cl\/#\/schema\/logo\/image\/\",\"url\":\"https:\/\/surpixel.cl\/wp-content\/uploads\/2025\/05\/LogoSURPIXEL.png\",\"contentUrl\":\"https:\/\/surpixel.cl\/wp-content\/uploads\/2025\/05\/LogoSURPIXEL.png\",\"width\":1181,\"height\":692,\"caption\":\"SurPixel - Conferencia y Festival de Nuevas Tecnolog\u00edas\u00a0Creativas\"},\"image\":{\"@id\":\"https:\/\/surpixel.cl\/#\/schema\/logo\/image\/\"},\"sameAs\":[\"https:\/\/x.com\/SurPixel\",\"https:\/\/www.instagram.com\/surpixel.festival\/\",\"https:\/\/www.tiktok.com\/@surpixel_fest\",\"https:\/\/www.youtube.com\/@SurPixelFest\",\"https:\/\/www.twitch.tv\/surpixel\"]}]}<\/script>\n<!-- \/ Yoast SEO plugin. -->","yoast_head_json":{"title":"Contacto - SurPixel - Conferencia y Festival de Nuevas Tecnolog\u00edas\u00a0Creativas","robots":{"index":"index","follow":"follow","max-snippet":"max-snippet:-1","max-image-preview":"max-image-preview:large","max-video-preview":"max-video-preview:-1"},"canonical":"https:\/\/surpixel.cl\/index.php\/contacto\/","og_locale":"es_ES","og_type":"article","og_title":"Contacto - SurPixel - Conferencia y Festival de Nuevas Tecnolog\u00edas\u00a0Creativas","og_description":"ContactoCont\u00e1ctanosCont\u00e1ctanos y descubre c\u00f3mo puedes participar en SurPixel: como sponsor, colaborador, tallerista o instituci\u00f3n aliada. \u00a1Conectemos creatividad, tecnolog\u00eda e innovaci\u00f3n juntos!","og_url":"https:\/\/surpixel.cl\/index.php\/contacto\/","og_site_name":"SurPixel - Conferencia y Festival de Nuevas Tecnolog\u00edas\u00a0Creativas","article_modified_time":"2025-06-19T03:22:28+00:00","twitter_card":"summary_large_image","twitter_site":"@SurPixel","twitter_misc":{"Tiempo de lectura":"4 minutos"},"schema":{"@context":"https:\/\/schema.org","@graph":[{"@type":"WebPage","@id":"https:\/\/surpixel.cl\/index.php\/contacto\/","url":"https:\/\/surpixel.cl\/index.php\/contacto\/","name":"Contacto - SurPixel - Conferencia y Festival de Nuevas Tecnolog\u00edas\u00a0Creativas","isPartOf":{"@id":"https:\/\/surpixel.cl\/#website"},"datePublished":"2025-05-20T00:15:46+00:00","dateModified":"2025-06-19T03:22:28+00:00","breadcrumb":{"@id":"https:\/\/surpixel.cl\/index.php\/contacto\/#breadcrumb"},"inLanguage":"es","potentialAction":[{"@type":"ReadAction","target":["https:\/\/surpixel.cl\/index.php\/contacto\/"]}]},{"@type":"BreadcrumbList","@id":"https:\/\/surpixel.cl\/index.php\/contacto\/#breadcrumb","itemListElement":[{"@type":"ListItem","position":1,"name":"Portada","item":"https:\/\/surpixel.cl\/"},{"@type":"ListItem","position":2,"name":"Contacto"}]},{"@type":"WebSite","@id":"https:\/\/surpixel.cl\/#website","url":"https:\/\/surpixel.cl\/","name":"SurPixel - Conferencia y Festival de Nuevas Tecnolog\u00edas\u00a0Creativas","description":"Sur Pixel - Conferencia y Festival de Nuevas Tecnolog\u00edas\u00a0Creativas","publisher":{"@id":"https:\/\/surpixel.cl\/#organization"},"potentialAction":[{"@type":"SearchAction","target":{"@type":"EntryPoint","urlTemplate":"https:\/\/surpixel.cl\/?s={search_term_string}"},"query-input":{"@type":"PropertyValueSpecification","valueRequired":true,"valueName":"search_term_string"}}],"inLanguage":"es"},{"@type":"Organization","@id":"https:\/\/surpixel.cl\/#organization","name":"SurPixel - Conferencia y Festival de Nuevas Tecnolog\u00edas\u00a0Creativas","url":"https:\/\/surpixel.cl\/","logo":{"@type":"ImageObject","inLanguage":"es","@id":"https:\/\/surpixel.cl\/#\/schema\/logo\/image\/","url":"https:\/\/surpixel.cl\/wp-content\/uploads\/2025\/05\/LogoSURPIXEL.png","contentUrl":"https:\/\/surpixel.cl\/wp-content\/uploads\/2025\/05\/LogoSURPIXEL.png","width":1181,"height":692,"caption":"SurPixel - Conferencia y Festival de Nuevas Tecnolog\u00edas\u00a0Creativas"},"image":{"@id":"https:\/\/surpixel.cl\/#\/schema\/logo\/image\/"},"sameAs":["https:\/\/x.com\/SurPixel","https:\/\/www.instagram.com\/surpixel.festival\/","https:\/\/www.tiktok.com\/@surpixel_fest","https:\/\/www.youtube.com\/@SurPixelFest","https:\/\/www.twitch.tv\/surpixel"]}]}},"_links":{"self":[{"href":"https:\/\/surpixel.cl\/index.php\/wp-json\/wp\/v2\/pages\/226653","targetHints":{"allow":["GET"]}}],"collection":[{"href":"https:\/\/surpixel.cl\/index.php\/wp-json\/wp\/v2\/pages"}],"about":[{"href":"https:\/\/surpixel.cl\/index.php\/wp-json\/wp\/v2\/types\/page"}],"author":[{"embeddable":true,"href":"https:\/\/surpixel.cl\/index.php\/wp-json\/wp\/v2\/users\/1"}],"replies":[{"embeddable":true,"href":"https:\/\/surpixel.cl\/index.php\/wp-json\/wp\/v2\/comments?post=226653"}],"version-history":[{"count":17,"href":"https:\/\/surpixel.cl\/index.php\/wp-json\/wp\/v2\/pages\/226653\/revisions"}],"predecessor-version":[{"id":226982,"href":"https:\/\/surpixel.cl\/index.php\/wp-json\/wp\/v2\/pages\/226653\/revisions\/226982"}],"wp:attachment":[{"href":"https:\/\/surpixel.cl\/index.php\/wp-json\/wp\/v2\/media?parent=226653"}],"curies":[{"name":"wp","href":"https:\/\/api.w.org\/{rel}","templated":true}]}}